{"id":69,"date":"2025-02-02T13:41:38","date_gmt":"2025-02-02T11:41:38","guid":{"rendered":"https:\/\/xn--kkiteollisuus-bfb.fi\/index.php\/kakiteollisuus\/"},"modified":"2025-05-06T13:38:53","modified_gmt":"2025-05-06T11:38:53","slug":"kakiteollisuus","status":"publish","type":"page","link":"http:\/\/xn--kkiteollisuus-bfb.fi\/","title":{"rendered":"ETUSIVU K\u00e4kiteollisuus"},"content":{"rendered":"<div class=\"\" style=\"\" >\n    \n    <section class=\"skrollable u-clearfix u-container-align-center u-gradient u-valign-middle-lg u-valign-middle-md u-valign-middle-sm u-valign-middle-xs u-section-2\" id=\"sec-5aa1\" data-image-width=\"800\" data-image-height=\"800\">\n      <div class=\"scaled-bg u-container-align-left u-container-style u-gradient u-group u-image u-image-1\" style=\"background-image: url(&quot;http:\/\/xn--kkiteollisuus-bfb.fi\/wp-content\/uploads\/2025\/05\/wireframe-logo2.svg&quot;), linear-gradient(rgb(219, 219, 219), rgb(219, 219, 219));\">\n        <div class=\"u-container-layout u-valign-middle-lg u-valign-middle-md u-valign-middle-sm u-valign-top-xl u-valign-top-xs u-container-layout-1\"><\/div>\n      <\/div>\n    <\/section>\n    <section class=\"u-clearfix u-custom-color-2 u-section-3\" id=\"block-1\">\n      <div class=\"u-clearfix u-sheet u-sheet-1\">\n        <div class=\"custom-expanded data-layout-selected u-clearfix u-gutter-30 u-layout-wrap u-layout-wrap-1\">\n          <div class=\"u-gutter-0 u-layout\">\n            <div class=\"u-layout-row\">\n              <div class=\"u-size-30\">\n                <div class=\"u-layout-col\">\n                  <div class=\"u-container-style u-layout-cell u-shape-rectangle u-size-60 u-layout-cell-1\">\n                    <div class=\"u-container-layout u-container-layout-1\">\n                      <div class=\"u-border-5 u-border-palette-2-light-1 u-line u-line-horizontal u-line-1\"><\/div>\n                      <h2 class=\"u-text u-text-default u-text-palette-1-dark-2 u-text-1\">Meist\u00e4<\/h2>\n                      <p class=\"u-text u-text-default u-text-2\">K\u00e4kiteollisuus on voittoa tavoittelematon kulttuuriyhdistys. Yhdistys on tarkoitettu niille, jotka haluavat tehd\u00e4 yhdess\u00e4 omia ideoita tai olla mukana auttamassa muiden ideoiden toteuttamisessa. K\u00e4kiteollisuudessa hyv\u00e4 idea ei ole synonyymi taloudellisesti menestyv\u00e4lle konseptille, mutta voi hyvin my\u00f6s olla sellainen. K\u00e4kiteollisuus ei halua rajoittua mihink\u00e4\u00e4n tiettyihin formaatteihin - t\u00e4rkeint\u00e4 on mielek\u00e4s tekeminen ja eri henkil\u00f6iden osaamisalueiden ja vahvuuksien hy\u00f6dynt\u00e4minen ja kehitt\u00e4minen. Ota meihin yhteytt\u00e4 jos sinulla on idea, jonka toteuttamisessa voisimme jollain tavalla olla apuna tai jos kiinnostaa osallistua toimintaamme. <\/p>\n                    <\/div>\n                  <\/div>\n                <\/div>\n              <\/div>\n              <div class=\"u-size-30\">\n                <div class=\"u-layout-col\">\n                  <div class=\"u-container-align-left u-container-style u-layout-cell u-shape-rectangle u-size-20 u-layout-cell-2\">\n                    <div class=\"u-container-layout u-container-layout-2\">\n                      <a href=\"http:\/\/xn--kkiteollisuus-bfb.fi\/index.php\/yhteystiedot\/\" class=\"u-align-left u-btn u-button-style u-custom-color-3 u-btn-1\">Yhteystiedot<\/a>\n                      <p class=\"u-align-left u-text u-text-default u-text-3\"><\/p>\n                    <\/div>\n                  <\/div>\n                  <div class=\"u-container-align-center u-container-style u-image u-layout-cell u-size-20 u-image-1\" data-image-width=\"1000\" data-image-height=\"564\" style=\"background-image: url(&quot;http:\/\/xn--kkiteollisuus-bfb.fi\/wp-content\/uploads\/2025\/05\/IMG20231125211231-01.jpg&quot;);\">\n                    <div class=\"u-container-layout u-container-layout-3\"><\/div>\n                  <\/div>\n                  <div class=\"u-container-align-center u-container-style u-image u-layout-cell u-size-20 u-image-2\" data-image-width=\"1200\" data-image-height=\"555\" style=\"background-image: url(&quot;http:\/\/xn--kkiteollisuus-bfb.fi\/wp-content\/uploads\/2025\/05\/20241124_120555-1-scaled-1.jpg&quot;);\">\n                    <div class=\"u-container-layout u-container-layout-4\"><\/div>\n                  <\/div>\n                <\/div>\n              <\/div>\n            <\/div>\n          <\/div>\n        <\/div>\n      <\/div>\n    <\/section>\n    <section class=\"u-clearfix u-section-4\" id=\"sec-b107\">\n      <div class=\"u-absolute-hcenter u-black u-expanded u-shape u-shape-rectangle\"><\/div>\n      <img decoding=\"async\" class=\"custom-expanded u-image u-image-default u-image-1\" alt=\"\" data-animation-name=\"\" data-animation-duration=\"0\" data-animation-delay=\"0\" data-animation-direction=\"\" src=\"http:\/\/xn--kkiteollisuus-bfb.fi\/wp-content\/uploads\/2025\/02\/photo-1503901468450-f63d5a88bc57.jpeg\">\n      <img decoding=\"async\" class=\"custom-expanded u-image u-image-default u-image-2\" alt=\"\" data-animation-name=\"\" data-animation-duration=\"0\" data-animation-delay=\"0\" data-animation-direction=\"\" src=\"http:\/\/xn--kkiteollisuus-bfb.fi\/wp-content\/uploads\/2025\/02\/photo-1506071286227-8b9d67901fce.jpeg\">\n      <img decoding=\"async\" class=\"custom-expanded u-image u-image-default u-image-3\" alt=\"\" data-animation-name=\"\" data-animation-duration=\"0\" data-animation-delay=\"0\" data-animation-direction=\"\" src=\"http:\/\/xn--kkiteollisuus-bfb.fi\/wp-content\/uploads\/2025\/02\/photo-1495367958595-2260f2976473.jpeg\">\n      <div class=\"u-align-left u-container-align-left u-container-style u-custom-color-2 u-group u-shape-rectangle u-group-1\">\n        <div class=\"u-container-layout u-valign-middle u-container-layout-1\">\n          <h3 class=\"u-text u-text-1\">Studio sound<\/h3>\n          <p class=\"u-text u-text-2\"> K\u00e4kiteollisuus kuvaa t\u00e4ll\u00e4 hetkell\u00e4 dokumenttielokuvaa purkutuomion saaneesta legendaarisesta kuopiolaisesta Studio Sound -\u00e4\u00e4nitysstudiosta ja sen vaiheista viiden vuosikymmenen aikana.<\/p>\n          <a href=\"http:\/\/xn--kkiteollisuus-bfb.fi\/index.php\/92-2\/\" class=\"u-btn u-btn-rectangle u-button-style u-palette-1-base u-btn-1\">Lue lis\u00e4\u00e4...<\/a>\n        <\/div>\n      <\/div>\n    <\/section>\n    <section class=\"u-clearfix u-container-align-center u-custom-color-2 u-section-5\" id=\"sec-5012\">\n      <div class=\"u-clearfix u-sheet u-valign-middle u-sheet-1\">\n        <div class=\"data-layout-selected u-clearfix u-expanded-width-lg u-expanded-width-md u-expanded-width-xl u-expanded-width-xs u-gutter-30 u-layout-wrap u-layout-wrap-1\">\n          <div class=\"u-gutter-0 u-layout\">\n            <div class=\"u-layout-col\">\n              <div class=\"u-size-30\">\n                <div class=\"u-layout-row\">\n                  <div class=\"u-align-left u-container-align-left u-container-style u-image u-layout-cell u-left-cell u-size-30 u-image-1\" style=\"background-image: url(&quot;http:\/\/xn--kkiteollisuus-bfb.fi\/wp-content\/uploads\/2025\/02\/photo-1528203160112-02d5f4f8a6c1-1.jpeg&quot;);\">\n                    <div class=\"u-container-layout u-container-layout-1\"><\/div>\n                  <\/div>\n                  <div class=\"u-align-left u-container-align-left u-container-style u-image u-layout-cell u-right-cell u-size-30 u-image-2\" style=\"background-image: url(&quot;http:\/\/xn--kkiteollisuus-bfb.fi\/wp-content\/uploads\/2025\/02\/photo-1525969143412-be60db3feb79.jpeg&quot;);\">\n                    <div class=\"u-container-layout u-valign-top-sm u-valign-top-xs\"><\/div>\n                  <\/div>\n                <\/div>\n              <\/div>\n              <div class=\"u-size-30\">\n                <div class=\"u-layout-row\">\n                  <div class=\"u-align-left u-container-align-left u-container-style u-layout-cell u-left-cell u-size-30 u-layout-cell-3\">\n                    <div class=\"u-container-layout u-container-layout-3\">\n                      <img decoding=\"async\" class=\"u-absolute-hcenter-xs u-expanded u-image\" src=\"http:\/\/xn--kkiteollisuus-bfb.fi\/wp-content\/uploads\/2025\/02\/photo-1517444861450-19fc0d046630.jpeg\">\n                    <\/div>\n                  <\/div>\n                  <div class=\"u-align-left u-container-align-left u-container-style u-image u-layout-cell u-right-cell u-size-30 u-image-4\" style=\"background-image: url(&quot;http:\/\/xn--kkiteollisuus-bfb.fi\/wp-content\/uploads\/2025\/02\/photo-1518172297066-0af6ae79458c.jpeg&quot;);\">\n                    <div class=\"u-container-layout u-container-layout-4\"><\/div>\n                  <\/div>\n                <\/div>\n              <\/div>\n            <\/div>\n          <\/div>\n        <\/div>\n      <\/div>\n    <\/section>\n    <section class=\"skrollable u-clearfix u-container-align-center u-gradient u-image u-parallax u-section-6\" id=\"sec-356d\" style=\"background-image: url(&quot;http:\/\/xn--kkiteollisuus-bfb.fi\/wp-content\/uploads\/2025\/05\/wireframe-logo-1.svg&quot;), linear-gradient(rgb(219, 219, 219), rgb(219, 219, 219));\">\n      <div class=\"u-clearfix u-sheet u-valign-bottom-lg u-valign-bottom-md u-valign-bottom-sm u-valign-bottom-xs u-sheet-1\">\n        <div class=\"u-container-style u-expanded-width-xs u-grey-70 u-group u-group-1\">\n          <div class=\"u-container-layout u-valign-middle-lg u-valign-middle-md u-valign-middle-sm u-valign-middle-xs u-valign-top-xl u-container-layout-1\">\n            <p class=\"u-align-center u-text u-text-default u-text-grey-25 u-text-1\">K\u00e4kiteollisuus ry on vuonna 2021 perustettu Pohjois-Savossa ja&nbsp;p\u00e4\u00e4kaupunkiseudulla toimiva kulttuurialan yhdistys, jonka tavoitteena on tuottaa elokuvia, musiikkia ja&nbsp;yleisemmin kulttuuritoimintaa.<br>\n              <br>T\u00e4yt\u00e4 olla oleva lomake ottaaksesi yhteytt\u00e4 meihin.\n            <\/p>\n            <h3 class=\"u-align-center u-text u-text-default-lg u-text-default-md u-text-default-sm u-text-default-xl u-text-2\">OTA YHTEYTT\u00c4<\/h3>\n            <div class=\"u-align-center u-form u-form-1\">\n              <form action=\"https:\/\/forms.nicepagesrv.com\/v2\/form\/process\" class=\"u-clearfix u-form-spacing-30 u-form-vertical u-inner-form\" source=\"email\" name=\"form\" style=\"padding: 0px;\">\n                <div class=\"u-form-group u-form-name u-form-partition-factor-2 u-form-group-1\">\n                  <label for=\"name-73d1\" class=\"u-label\">Etunimi<\/label>\n                  <input type=\"text\" placeholder=\"Sy\u00f6t\u00e4 etunimesi\" id=\"name-73d1\" name=\"name-1\" class=\"u-border-2 u-border-grey-5 u-border-no-left u-border-no-right u-border-no-top u-input u-input-rectangle u-none\" required=\"\">\n                <\/div>\n                <div class=\"u-form-group u-form-name u-form-partition-factor-2 u-form-group-2\">\n                  <label for=\"name-73d1\" class=\"u-label\">Sukunimi<\/label>\n                  <input type=\"text\" placeholder=\"Sy\u00f6t\u00e4 sukunimesi\" id=\"name-73d1\" name=\"name-2\" class=\"u-border-2 u-border-grey-5 u-border-no-left u-border-no-right u-border-no-top u-input u-input-rectangle u-none\">\n                <\/div>\n                <div class=\"u-form-email u-form-group\">\n                  <label for=\"email-4c18\" class=\"u-label\">S\u00e4hk\u00f6posti vastausta varten<\/label>\n                  <input type=\"email\" placeholder=\"Sy\u00f6t\u00e4 s\u00e4hk\u00f6postiosoite\" id=\"email-4c18\" name=\"email\" class=\"u-border-2 u-border-grey-5 u-border-no-left u-border-no-right u-border-no-top u-input u-input-rectangle u-none\" required=\"\">\n                <\/div>\n                <div class=\"u-form-group u-form-message\">\n                  <label for=\"message-4c18\" class=\"u-label\">Viestisi<\/label>\n                  <textarea placeholder=\"\u200b\" rows=\"5\" cols=\"50\" id=\"message-4c18\" name=\"message\" class=\"u-border-2 u-border-grey-5 u-border-no-left u-border-no-right u-border-no-top u-input u-input-rectangle u-none\" required=\"\" maxlength=\"500\"><\/textarea>\n                <\/div>\n                <div class=\"u-align-right u-form-group u-form-submit\">\n                  <a href=\"#\" class=\"u-active-grey-50 u-border-active-palette-4-light-1 u-border-hover-palette-4-light-1 u-border-none u-btn u-btn-submit u-button-style u-hover-grey-50 u-palette-2-light-1 u-btn-1\">L\u00e4het\u00e4 viesti<\/a>\n                  <input type=\"submit\" value=\"submit\" class=\"u-form-control-hidden\">\n                <\/div>\n                <div class=\"u-form-send-message u-form-send-success\"> Thank you! Your message has been sent. <\/div>\n                <div class=\"u-form-send-error u-form-send-message\"> Unable to send your message. Please fix errors then try again. <\/div>\n                <input type=\"hidden\" value=\"\" name=\"recaptchaResponse\">\n                <input type=\"hidden\" name=\"formServices\" value=\"bf067574-a443-6d63-055f-7e963e2c21b5\">\n              <\/form>\n            <\/div>\n          <\/div>\n        <\/div>\n      <\/div>\n    <\/section>\n    \n    \n    \n  \n<\/div>","protected":false},"excerpt":{"rendered":"<p>Meist\u00e4 K\u00e4kiteollisuus on voittoa tavoittelematon kulttuuriyhdistys. Yhdistys on tarkoitettu niille, jotka haluavat tehd\u00e4 yhdess\u00e4 omia ideoita tai olla mukana auttamassa muiden ideoiden toteuttamisessa. K\u00e4kiteollisuudessa hyv\u00e4 idea ei ole synonyymi taloudellisesti menestyv\u00e4lle konseptille, mutta voi hyvin my\u00f6s olla sellainen. K\u00e4kiteollisuus ei halua rajoittua mihink\u00e4\u00e4n tiettyihin formaatteihin &#8211; t\u00e4rkeint\u00e4 on mielek\u00e4s tekeminen ja eri henkil\u00f6iden osaamisalueiden ja [&hellip;]<\/p>\n","protected":false},"author":3,"featured_media":0,"parent":0,"menu_order":1,"comment_status":"closed","ping_status":"closed","template":"","meta":{"footnotes":""},"class_list":["post-69","page","type-page","status-publish","hentry"],"_links":{"self":[{"href":"http:\/\/xn--kkiteollisuus-bfb.fi\/index.php\/wp-json\/wp\/v2\/pages\/69","targetHints":{"allow":["GET"]}}],"collection":[{"href":"http:\/\/xn--kkiteollisuus-bfb.fi\/index.php\/wp-json\/wp\/v2\/pages"}],"about":[{"href":"http:\/\/xn--kkiteollisuus-bfb.fi\/index.php\/wp-json\/wp\/v2\/types\/page"}],"author":[{"embeddable":true,"href":"http:\/\/xn--kkiteollisuus-bfb.fi\/index.php\/wp-json\/wp\/v2\/users\/3"}],"replies":[{"embeddable":true,"href":"http:\/\/xn--kkiteollisuus-bfb.fi\/index.php\/wp-json\/wp\/v2\/comments?post=69"}],"version-history":[{"count":13,"href":"http:\/\/xn--kkiteollisuus-bfb.fi\/index.php\/wp-json\/wp\/v2\/pages\/69\/revisions"}],"predecessor-version":[{"id":1392,"href":"http:\/\/xn--kkiteollisuus-bfb.fi\/index.php\/wp-json\/wp\/v2\/pages\/69\/revisions\/1392"}],"wp:attachment":[{"href":"http:\/\/xn--kkiteollisuus-bfb.fi\/index.php\/wp-json\/wp\/v2\/media?parent=69"}],"curies":[{"name":"wp","href":"https:\/\/api.w.org\/{rel}","templated":true}]}}