{"id":92,"date":"2025-02-02T13:53:18","date_gmt":"2025-02-02T11:53:18","guid":{"rendered":"https:\/\/xn--kkiteollisuus-bfb.fi\/index.php\/92-2\/"},"modified":"2025-05-05T14:46:55","modified_gmt":"2025-05-05T12:46:55","slug":"92-2","status":"publish","type":"page","link":"http:\/\/xn--kkiteollisuus-bfb.fi\/index.php\/92-2\/","title":{"rendered":"Studio Sound etusivu"},"content":{"rendered":"<div class=\"\" style=\"\" >\n    \n    <section class=\"u-clearfix u-section-2\" id=\"block-1\">\n      <div class=\"u-clearfix u-sheet u-sheet-1\">\n        <a href=\"http:\/\/xn--kkiteollisuus-bfb.fi\/index.php\/studiosound-behind-the-scene\/\" class=\"u-active-none u-border-2 u-border-no-left u-border-no-right u-border-no-top u-border-palette-1-base u-btn u-btn-rectangle u-button-style u-hover-none u-none u-btn-1\">Behind The Scenes<\/a>\n        <h2 class=\"u-text u-text-default u-text-1\">STUDIO SOUND<br>\n          <br>\n        <\/h2>\n        <div class=\"fr-view u-clearfix u-rich-text u-text u-text-2\">\n          <p dir=\"ltr\" id=\"isPasted\">Lent\u00e4\u00e4k\u00f6 kalakukot?&nbsp;<\/p>\n          <p dir=\"ltr\">Mit\u00e4 tapahtuu, kun musiikin tekemisen intohimon jakavat ihmiset alkavat tavoittelemaan yhteist\u00e4 unelmaa? &nbsp;Miten savolainen \u00e4\u00e4nitysstudio kasvaa alansa huipuksi ja siin\u00e4 sivussa musiikillisen kasvun yhteis\u00f6lliseksi oppikouluksi lukuisille muusikonaluille?<\/p>\n          <p dir=\"ltr\">Studio Sound dokumenttielokuva on K\u00e4kiteollisuus ry:n ensimm\u00e4inen elokuvaprojekti. Elokuva kertoo legendaarisesta purkutuomion saaneesta kuopiolaisesta musiikkistudiosta sen 40-vuotisella taipaleella. \u00c4\u00e4ness\u00e4 ovat studion perustaneet, siell\u00e4 ty\u00f6skennelleet ja levytt\u00e4neet musiikin ammattilaiset, paikallisista, kansallisiin ja kansainv\u00e4lisiin vaikuttajiin. Savolaisen \u00e4\u00e4nitysstudion menestykseen yhdistyy vahva intohimo musiikin tekemiseen ja yhteis\u00f6, joka sen ymp\u00e4rille on rakentunut. Vaikka sein\u00e4t kaatuvat, se mik\u00e4 on t\u00e4rkeint\u00e4, eli musiikki, j\u00e4\u00e4 el\u00e4m\u00e4\u00e4n.&nbsp;<\/p>\n          <p dir=\"ltr\">\n            <br>\n          <\/p>\n        <\/div>\n      <\/div>\n    <\/section>\n    <section class=\"u-clearfix u-section-3\" id=\"block-3\">\n      <div class=\"u-clearfix u-sheet u-sheet-1\">\n        <div class=\"u-align-left u-video u-video-contain u-video-1\">\n          <div class=\"embed-responsive embed-responsive-1\">\n            <iframe style=\"position: absolute;top: 0;left: 0;width: 100%;height: 100%;\" class=\"embed-responsive-item\" src=\"https:\/\/www.youtube.com\/embed\/uUpCA0p0zWg?mute=0&amp;showinfo=0&amp;controls=0&amp;start=0\" frameborder=\"0\" allowfullscreen=\"\"><\/iframe>\n          <\/div>\n        <\/div>\n      <\/div>\n    <\/section>\n    <section class=\"u-clearfix u-section-4\" id=\"block-2\">\n      <div class=\"u-clearfix u-sheet u-sheet-1\">\n        <div class=\"fr-view u-clearfix u-rich-text u-text u-text-1\">\n          <p dir=\"ltr\" id=\"isPasted\" style=\"line-height: 1.6;\">Elokuva on saanut apurahan Pohjois-Savon kulttuurirahastolta 2024. Se valmistuu kes\u00e4ll\u00e4 2025.<\/p>\n          <p dir=\"ltr\">Ohjaus: Panu Kari ja Minna Rytk\u00f6nen<\/p>\n          <p dir=\"ltr\">Kuvaus: Panu Kari<\/p>\n          <p dir=\"ltr\">Leikkaus: Panu Kari&nbsp;<\/p>\n          <p dir=\"ltr\">\u00c4\u00e4nity\u00f6t:Jyri Luukkonen<\/p>\n          <p dir=\"ltr\">Tuottaja: Minna Rytk\u00f6nen<\/p>\n          <p dir=\"ltr\">Elokuvan eri vaiheissa on ollut useita henkil\u00f6it\u00e4, joiden n\u00e4kemykset ja k\u00e4yt\u00e4nn\u00f6n apu ovat olleet korvaamattomia elokuvan valmistumiseksi.<\/p>\n          <p dir=\"ltr\">Elokuvan tuottaa ja toteuttaa K\u00e4kiteollisuus ry.<\/p>\n        <\/div>\n      <\/div>\n    <\/section>\n    <section class=\"u-clearfix u-section-5\" id=\"block-4\">\n      <div class=\"u-clearfix u-sheet u-sheet-1\"><\/div>\n    <\/section>\n    \n    \n    \n  \n<\/div>","protected":false},"excerpt":{"rendered":"<p>Behind The Scenes STUDIO SOUND Lent\u00e4\u00e4k\u00f6 kalakukot?&nbsp; Mit\u00e4 tapahtuu, kun musiikin tekemisen intohimon jakavat ihmiset alkavat tavoittelemaan yhteist\u00e4 unelmaa? &nbsp;Miten savolainen \u00e4\u00e4nitysstudio kasvaa alansa huipuksi ja siin\u00e4 sivussa musiikillisen kasvun yhteis\u00f6lliseksi oppikouluksi lukuisille muusikonaluille? Studio Sound dokumenttielokuva on K\u00e4kiteollisuus ry:n ensimm\u00e4inen elokuvaprojekti. Elokuva kertoo legendaarisesta purkutuomion saaneesta kuopiolaisesta musiikkistudiosta sen 40-vuotisella taipaleella. \u00c4\u00e4ness\u00e4 ovat studion [&hellip;]<\/p>\n","protected":false},"author":3,"featured_media":0,"parent":0,"menu_order":0,"comment_status":"closed","ping_status":"closed","template":"","meta":{"footnotes":""},"class_list":["post-92","page","type-page","status-publish","hentry"],"_links":{"self":[{"href":"http:\/\/xn--kkiteollisuus-bfb.fi\/index.php\/wp-json\/wp\/v2\/pages\/92","targetHints":{"allow":["GET"]}}],"collection":[{"href":"http:\/\/xn--kkiteollisuus-bfb.fi\/index.php\/wp-json\/wp\/v2\/pages"}],"about":[{"href":"http:\/\/xn--kkiteollisuus-bfb.fi\/index.php\/wp-json\/wp\/v2\/types\/page"}],"author":[{"embeddable":true,"href":"http:\/\/xn--kkiteollisuus-bfb.fi\/index.php\/wp-json\/wp\/v2\/users\/3"}],"replies":[{"embeddable":true,"href":"http:\/\/xn--kkiteollisuus-bfb.fi\/index.php\/wp-json\/wp\/v2\/comments?post=92"}],"version-history":[{"count":7,"href":"http:\/\/xn--kkiteollisuus-bfb.fi\/index.php\/wp-json\/wp\/v2\/pages\/92\/revisions"}],"predecessor-version":[{"id":1361,"href":"http:\/\/xn--kkiteollisuus-bfb.fi\/index.php\/wp-json\/wp\/v2\/pages\/92\/revisions\/1361"}],"wp:attachment":[{"href":"http:\/\/xn--kkiteollisuus-bfb.fi\/index.php\/wp-json\/wp\/v2\/media?parent=92"}],"curies":[{"name":"wp","href":"https:\/\/api.w.org\/{rel}","templated":true}]}}